{"id":5326,"date":"2024-06-18T10:30:42","date_gmt":"2024-06-18T08:30:42","guid":{"rendered":"https:\/\/www.dev01-clicandit.fr\/?page_id=5326"},"modified":"2024-06-18T10:35:18","modified_gmt":"2024-06-18T08:35:18","slug":"cookies","status":"publish","type":"page","link":"https:\/\/www.dev01-clicandit.fr\/dev01\/cookies\/","title":{"rendered":"Cookies"},"content":{"rendered":"\t\t<div data-elementor-type=\"wp-page\" data-elementor-id=\"5326\" class=\"elementor elementor-5326\" data-elementor-settings=\"{&quot;ha_cmc_init_switcher&quot;:&quot;no&quot;}\" data-elementor-post-type=\"page\">\n\t\t\t\t\t\t<section class=\"elementor-section elementor-top-section elementor-element elementor-element-619cfc45 elementor-section-boxed elementor-section-height-default elementor-section-height-default\" data-id=\"619cfc45\" data-element_type=\"section\" data-e-type=\"section\" data-settings=\"{&quot;background_background&quot;:&quot;classic&quot;,&quot;_ha_eqh_enable&quot;:false}\">\n\t\t\t\t\t\t<div class=\"elementor-container elementor-column-gap-default\">\n\t\t\t\t\t<div class=\"elementor-column elementor-col-100 elementor-top-column elementor-element elementor-element-39fd63e5\" data-id=\"39fd63e5\" data-element_type=\"column\" data-e-type=\"column\">\n\t\t\t<div class=\"elementor-widget-wrap elementor-element-populated\">\n\t\t\t\t\t\t<div class=\"elementor-element elementor-element-27a7bcba elementor-widget elementor-widget-heading\" data-id=\"27a7bcba\" data-element_type=\"widget\" data-e-type=\"widget\" data-widget_type=\"heading.default\">\n\t\t\t\t<div class=\"elementor-widget-container\">\n\t\t\t\t\t<h1 class=\"elementor-heading-title elementor-size-default\">Cookies<\/h1>\t\t\t\t<\/div>\n\t\t\t\t<\/div>\n\t\t\t\t\t<\/div>\n\t\t<\/div>\n\t\t\t\t\t<\/div>\n\t\t<\/section>\n\t\t\t\t<section class=\"elementor-section elementor-top-section elementor-element elementor-element-3a0d6553 elementor-section-boxed elementor-section-height-default elementor-section-height-default\" data-id=\"3a0d6553\" data-element_type=\"section\" data-e-type=\"section\" data-settings=\"{&quot;_ha_eqh_enable&quot;:false}\">\n\t\t\t\t\t\t<div class=\"elementor-container elementor-column-gap-default\">\n\t\t\t\t\t<div class=\"elementor-column elementor-col-100 elementor-top-column elementor-element elementor-element-5c1c5158\" data-id=\"5c1c5158\" data-element_type=\"column\" data-e-type=\"column\">\n\t\t\t<div class=\"elementor-widget-wrap elementor-element-populated\">\n\t\t\t\t\t\t<div class=\"elementor-element elementor-element-1c501746 elementor-widget elementor-widget-heading\" data-id=\"1c501746\" data-element_type=\"widget\" data-e-type=\"widget\" data-widget_type=\"heading.default\">\n\t\t\t\t<div class=\"elementor-widget-container\">\n\t\t\t\t\t<h2 class=\"elementor-heading-title elementor-size-default\">Politique relative \u00e0 l\u2019utilisation des cookies sur le site www.placeauxjeux.com<\/h2>\t\t\t\t<\/div>\n\t\t\t\t<\/div>\n\t\t\t\t<div class=\"elementor-element elementor-element-62e996e7 elementor-widget elementor-widget-text-editor\" data-id=\"62e996e7\" data-element_type=\"widget\" data-e-type=\"widget\" data-widget_type=\"text-editor.default\">\n\t\t\t\t<div class=\"elementor-widget-container\">\n\t\t\t\t\t\t\t\t\t<p>Politique relative \u00e0 l\u2019utilisation des cookies sur le site www.placeauxjeux.com. Lors de votre premi\u00e8re connexion sur le site, vous \u00eates avertis par un bandeau en bas \u00e0 gauche de votre \u00e9cran que des informations relatives \u00e0 votre navigation sont susceptibles d\u2019\u00eatre enregistr\u00e9es dans des fichiers d\u00e9nomm\u00e9s \u00ab cookies \u00bb. Notre politique d\u2019utilisation des cookies vous permet de mieux comprendre les dispositions que nous mettons en \u0153uvre en mati\u00e8re de navigation sur notre site web. Elle vous informe notamment sur l\u2019ensemble des cookies pr\u00e9sents sur notre site web, leur finalit\u00e9 et vous donne la marche \u00e0 suivre pour les param\u00e9trer.<\/p>\t\t\t\t\t\t\t\t<\/div>\n\t\t\t\t<\/div>\n\t\t\t\t<div class=\"elementor-element elementor-element-12f849e3 elementor-widget elementor-widget-heading\" data-id=\"12f849e3\" data-element_type=\"widget\" data-e-type=\"widget\" data-widget_type=\"heading.default\">\n\t\t\t\t<div class=\"elementor-widget-container\">\n\t\t\t\t\t<h3 class=\"elementor-heading-title elementor-size-default\">1. Informations g\u00e9n\u00e9rales sur les cookies pr\u00e9sents sur le site\u200b<\/h3>\t\t\t\t<\/div>\n\t\t\t\t<\/div>\n\t\t\t\t<div class=\"elementor-element elementor-element-3a7d2c27 elementor-widget elementor-widget-text-editor\" data-id=\"3a7d2c27\" data-element_type=\"widget\" data-e-type=\"widget\" data-widget_type=\"text-editor.default\">\n\t\t\t\t<div class=\"elementor-widget-container\">\n\t\t\t\t\t\t\t\t\t<p>Le propri\u00e9taire du Site, en tant qu\u2019\u00e9diteur du pr\u00e9sent site web, pourra proc\u00e9der \u00e0 l\u2019implantation d\u2019un cookie sur le disque dur de votre terminal (ordinateur, tablette, mobile etc.) afin de vous garantir une navigation fluide et optimale sur notre site Internet. Les \u00ab cookies \u00bb (ou t\u00e9moins de connexion) sont des petits fichiers texte de taille limit\u00e9e qui nous permettent de reconna\u00eetre votre ordinateur, votre tablette ou votre mobile aux fins de personnaliser les services que nous vous proposons.Les informations recueillies par le biais des cookies ne permettent en aucune mani\u00e8re de vous identifier nominativement. Elles sont utilis\u00e9es exclusivement pour nos besoins propres afin d\u2019am\u00e9liorer l\u2019interactivit\u00e9 et la performance de notre site web et de vous adresser des contenus adapt\u00e9s \u00e0 vos centres d\u2019int\u00e9r\u00eats. Aucune de ces informations ne fait l\u2019objet d\u2019une communication aupr\u00e8s de tiers sauf lorsque le Propri\u00e9taire du Site a obtenu au pr\u00e9alable votre consentement ou bien lorsque la divulgation de ces informations est requise par la loi, sur ordre d\u2019un tribunal ou toute autorit\u00e9 administrative ou judiciaire habilit\u00e9e \u00e0 en conna\u00eetre.Pour mieux vous \u00e9clairer sur les informations que les cookies identifient, vous trouverez ci-dessous un tableau listant les diff\u00e9rents types de cookies susceptibles d\u2019\u00eatre utilis\u00e9s sur le Site, leur nom, leur finalit\u00e9 ainsi que leur dur\u00e9e de conservation.<\/p>\t\t\t\t\t\t\t\t<\/div>\n\t\t\t\t<\/div>\n\t\t\t\t<div class=\"elementor-element elementor-element-3dcb28fd elementor-widget elementor-widget-heading\" data-id=\"3dcb28fd\" data-element_type=\"widget\" data-e-type=\"widget\" data-widget_type=\"heading.default\">\n\t\t\t\t<div class=\"elementor-widget-container\">\n\t\t\t\t\t<h3 class=\"elementor-heading-title elementor-size-default\">2. Configuration de vos pr\u00e9f\u00e9rences sur les cookies\u200b<\/h3>\t\t\t\t<\/div>\n\t\t\t\t<\/div>\n\t\t\t\t<div class=\"elementor-element elementor-element-5acabe03 elementor-widget elementor-widget-text-editor\" data-id=\"5acabe03\" data-element_type=\"widget\" data-e-type=\"widget\" data-widget_type=\"text-editor.default\">\n\t\t\t\t<div class=\"elementor-widget-container\">\n\t\t\t\t\t\t\t\t\t<p>Vous pouvez accepter, param\u00e9trer ou refuser le d\u00e9p\u00f4t de cookies \u00e0 tout moment.<br \/>Lors de votre premi\u00e8re connexion sur le Site, une banni\u00e8re pr\u00e9sentant bri\u00e8vement des informations relatives au d\u00e9p\u00f4t de cookies et de technologies similaires appara\u00eet en bas \u00e0 gauche de votre \u00e9cran. Cette banni\u00e8re vous avertit qu\u2019en poursuivant votre navigation sur le Site (en chargeant une nouvelle page ou en cliquant sur divers \u00e9l\u00e9ments du site par exemple), vous acceptez le d\u00e9p\u00f4t de cookies sur votre terminal. Vous \u00eates \u00e9galement r\u00e9put\u00e9 avoir donn\u00e9 votre accord au d\u00e9p\u00f4t de cookies en cliquant sur l\u2019ic\u00f4ne \u00ab les accepter tous \u00bb de la banni\u00e8re figurant en bas \u00e0 gauche de votre \u00e9cran. Selon le type de cookie en cause, le recueil de votre consentement au d\u00e9p\u00f4t et \u00e0 la lecture de cookies sur votre terminal peut \u00eatre imp\u00e9ratif.<\/p>\t\t\t\t\t\t\t\t<\/div>\n\t\t\t\t<\/div>\n\t\t\t\t<div class=\"elementor-element elementor-element-2e779b23 elementor-widget elementor-widget-heading\" data-id=\"2e779b23\" data-element_type=\"widget\" data-e-type=\"widget\" data-widget_type=\"heading.default\">\n\t\t\t\t<div class=\"elementor-widget-container\">\n\t\t\t\t\t<h4 class=\"elementor-heading-title elementor-size-default\">2.1 Les cookies exempt\u00e9s de consentement\u200b<\/h4>\t\t\t\t<\/div>\n\t\t\t\t<\/div>\n\t\t\t\t<div class=\"elementor-element elementor-element-1f6e6a53 elementor-widget elementor-widget-text-editor\" data-id=\"1f6e6a53\" data-element_type=\"widget\" data-e-type=\"widget\" data-widget_type=\"text-editor.default\">\n\t\t\t\t<div class=\"elementor-widget-container\">\n\t\t\t\t\t\t\t\t\t<p>Conform\u00e9ment aux recommandations de la Commission Nationale de l\u2019Informatique et des Libert\u00e9s (CNIL), certains cookies sont dispens\u00e9s du recueil pr\u00e9alable de votre consentement dans la mesure o\u00f9 ils sont strictement n\u00e9cessaires au fonctionnement du site internet ou ont pour finalit\u00e9 exclusive de permettre ou faciliter la communication par voie \u00e9lectronique. Il s\u2019agit notamment des cookies d\u2019identifiant de session, d\u2019authentification, de session d\u2019\u00e9quilibrage de charge ainsi que des cookies de personnalisation de votre interface. Ces cookies sont int\u00e9gralement soumis \u00e0 la pr\u00e9sente politique dans la mesure o\u00f9 ils sont \u00e9mis et g\u00e9r\u00e9s parle propri\u00e9taire du site.<\/p>\t\t\t\t\t\t\t\t<\/div>\n\t\t\t\t<\/div>\n\t\t\t\t<div class=\"elementor-element elementor-element-703757a6 elementor-widget elementor-widget-heading\" data-id=\"703757a6\" data-element_type=\"widget\" data-e-type=\"widget\" data-widget_type=\"heading.default\">\n\t\t\t\t<div class=\"elementor-widget-container\">\n\t\t\t\t\t<h4 class=\"elementor-heading-title elementor-size-default\">2.2 Les cookies n\u00e9cessitant le recueil pr\u00e9alable de votre consentement\u200b<\/h4>\t\t\t\t<\/div>\n\t\t\t\t<\/div>\n\t\t\t\t<div class=\"elementor-element elementor-element-401b451b elementor-widget elementor-widget-text-editor\" data-id=\"401b451b\" data-element_type=\"widget\" data-e-type=\"widget\" data-widget_type=\"text-editor.default\">\n\t\t\t\t<div class=\"elementor-widget-container\">\n\t\t\t\t\t\t\t\t\t<div class=\"wpb_wrapper\">Cette exigence concerne les cookies \u00e9mis par des tiers et qui sont qualifi\u00e9s de \u00ab persistants \u00bb dans la mesure o\u00f9 ils demeurent dans votre terminal jusqu\u2019\u00e0 leur effacement ou leur date d\u2019expiration. De tels cookies \u00e9tant \u00e9mis par des tiers, leur utilisation et leur d\u00e9p\u00f4t sont soumis \u00e0 leurs propres politiques de confidentialit\u00e9 dont vous trouverez un lien ci-dessous. Cette famille de cookie regroupe les cookies de mesure d\u2019audience (notamment Google Analytics), les cookies publicitaires (auxquels le Propri\u00e9taire du Site n\u2019a pas recours) ainsi que les cookies de partage de r\u00e9seaux sociaux (notamment de Facebook, YouTube, Twitter et LinkedIn). Les cookies de mesure d\u2019audience \u00e9tablissent des statistiques concernant la fr\u00e9quentation et l\u2019utilisation de divers \u00e9l\u00e9ments du site web (comme les contenus\/pages que vous avez visit\u00e9). Ces donn\u00e9es participent \u00e0 l\u2019am\u00e9lioration de l\u2019ergonomie du Site.<\/div>\n<div><\/div>\n<div class=\"wpb_wrapper\"><strong>Un outil de mesure d\u2019audience est utilis\u00e9<\/strong>\u00a0sur le pr\u00e9sent site internet :<\/div>\n<div class=\"wpb_wrapper\">\n<ul>\n \t<li>Google Analytics dont la politique de confidentialit\u00e9 est disponible (uniquement en anglais) \u00e0 partir du lien suivant :\u00a0<a href=\"https:\/\/policies.google.com\/privacy?hl=fr-CA\" target=\"_blank\" rel=\"noopener noreferrer\">www.policies.google.com\/privacy?hl=fr-CA<\/a><\/li>\n<\/ul>\n<strong>Les cookies de partage des r\u00e9seaux sociaux<\/strong>\u00a0sont \u00e9mis et g\u00e9r\u00e9s par l\u2019\u00e9diteur du r\u00e9seau social concern\u00e9. Sous r\u00e9serve de votre consentement, ces cookies vous permettent de partager facilement une partie du contenu publi\u00e9 sur le Site, notamment par l\u2019interm\u00e9diaire d\u2019un \u00ab bouton \u00bb applicatif de partage selon le r\u00e9seau social concern\u00e9.Quatre types de cookies de partage des r\u00e9seaux sociaux peuvent \u00eatre pr\u00e9sents sur le Site :\n<ul>\n \t<li>Facebook, dont vous pouvez consulter la politique en mati\u00e8re de cookies en cliquant sur le lien suivant :\u00a0<a href=\"https:\/\/fr-fr.facebook.com\/policies\/cookies\/\" target=\"_blank\" rel=\"noopener noreferrer\">fr-fr.facebook.com\/policies\/cookies\/<\/a><\/li>\n \t<li>LinkedIn, dont vous trouverez la politique relative aux cookies en cliquant sur le lien suivant :\u00a0<a href=\"https:\/\/www.linkedin.com\/legal\/cookie-policy?_l=fr_FR\" target=\"_blank\" rel=\"noopener noreferrer\">www.linkedin.com\/legal\/cookie-policy?_l=fr_FR<\/a><\/li>\n \t<li>YouTube, dont vous trouverez l\u2019aide n\u00e9cessaire pour supprimer les cookies \u00e0 partir du navigateur Google Chrome en cliquant sur le lien suivant\u00a0<a href=\"https:\/\/support.google.com\/youtube\/answer\/32050?hl=fr\" target=\"_blank\" rel=\"noopener noreferrer\">support.google.com\/youtube\/answer\/32050?hl=fr<\/a>\u00a0mais \u00e9galement la politique compl\u00e8te en mati\u00e8re de cookies \u00e0 partir du lien suivant\u00a0<a href=\"https:\/\/www.google.fr\/intl\/fr\/policies\/technologies\/cookies\/\" target=\"_blank\" rel=\"noopener noreferrer\">www.google.fr\/intl\/fr\/policies\/technologies\/cookies\/2<\/a><\/li>\n<\/ul>\nVous disposez de divers outils de param\u00e9trage des cookies\n\n<\/div>\n<div>\u00a0<span style=\"color: var( --e-global-color-secondary ); font-family: var( --e-global-typography-text-font-family ), Sans-serif; font-size: var( --e-global-typography-text-font-size ); font-weight: var( --e-global-typography-text-font-weight );\">La plupart des navigateurs Internet sont configur\u00e9s par d\u00e9faut de fa\u00e7on \u00e0 ce que le d\u00e9p\u00f4t de cookies soit autoris\u00e9. Votre navigateur vous offre l\u2019opportunit\u00e9 de modifier ces param\u00e8tres standards de mani\u00e8re \u00e0 ce que l\u2019ensemble des cookies soit rejet\u00e9 syst\u00e9matiquement ou bien \u00e0 ce qu\u2019une partie seulement des cookies soit accept\u00e9e ou refus\u00e9e en fonction de leur \u00e9metteur.<\/span><\/div>\n<div><\/div>\n<div class=\"wpb_wrapper\"><strong>ATTENTION :<\/strong>\u00a0Nous attirons votre attention sur le fait que le refus du d\u00e9p\u00f4t de cookies sur votre terminal est n\u00e9anmoins susceptible d\u2019alt\u00e9rer votre exp\u00e9rience d\u2019utilisateur ainsi que votre acc\u00e8s \u00e0 certains services ou fonctionnalit\u00e9s du pr\u00e9sent Site. Le cas \u00e9ch\u00e9ant, le Propri\u00e9taire du Site d\u00e9cline toute responsabilit\u00e9 concernant les cons\u00e9quences li\u00e9es \u00e0 la d\u00e9gradation de vos conditions de navigation qui interviennent en raison de votre choix de refuser, supprimer ou bloquer les cookies n\u00e9cessaires au fonctionnement du site. Ces cons\u00e9quences ne sauraient constituer un dommage et vous ne pourrez pr\u00e9tendre \u00e0 aucune indemnit\u00e9 de ce fait.Votre navigateur vous permet \u00e9galement de supprimer les cookies existants sur votre terminal ou encore de vous signaler lorsque de nouveaux cookies sont susceptibles d\u2019\u00eatre d\u00e9pos\u00e9s sur votre terminal. Ces param\u00e9trages n\u2019ont pas d\u2019incidence sur votre navigation mais vous font perdre tout le b\u00e9n\u00e9fice apport\u00e9 par le cookie.Veuillez ci-dessous prendre connaissance des multiples outils mis \u00e0 votre disposition afin que vous puissiez param\u00e9trer les cookies d\u00e9pos\u00e9s sur votre terminal.<\/div>\t\t\t\t\t\t\t\t<\/div>\n\t\t\t\t<\/div>\n\t\t\t\t<div class=\"elementor-element elementor-element-40841f2b elementor-widget elementor-widget-heading\" data-id=\"40841f2b\" data-element_type=\"widget\" data-e-type=\"widget\" data-widget_type=\"heading.default\">\n\t\t\t\t<div class=\"elementor-widget-container\">\n\t\t\t\t\t<h4 class=\"elementor-heading-title elementor-size-default\">2.3 Le param\u00e9trage de votre navigateur Internet<\/h4>\t\t\t\t<\/div>\n\t\t\t\t<\/div>\n\t\t\t\t<div class=\"elementor-element elementor-element-21617f5c elementor-widget elementor-widget-text-editor\" data-id=\"21617f5c\" data-element_type=\"widget\" data-e-type=\"widget\" data-widget_type=\"text-editor.default\">\n\t\t\t\t<div class=\"elementor-widget-container\">\n\t\t\t\t\t\t\t\t\t<div class=\"wpb_wrapper\">Chaque navigateur Internet propose ses propres param\u00e8tres de gestion des cookies.<\/div>\n<div><\/div>\n<div class=\"wpb_wrapper\">Pour savoir de quelle mani\u00e8re modifier vos pr\u00e9f\u00e9rences en mati\u00e8re de cookies, vous trouverez ci-dessous les liens vers l\u2019aide n\u00e9cessaire pour acc\u00e9der au menu de votre navigateur pr\u00e9vu \u00e0 cet effet :<\/div>\n<div><\/div>\n<div class=\"wpb_wrapper\">\u2013 Chrome :\u00a0<a href=\"https:\/\/support.google.com\/chrome\/answer\/95647?hl=fr\" target=\"_blank\" rel=\"noopener noreferrer\">support.google.com\/chrome\/answer\/95647?hl=fr<\/a><\/div>\n<div class=\"wpb_wrapper\">\u2013 Firefox :\u00a0<a href=\"https:\/\/support.mozilla.org\/fr\/kb\/activer-desactiver-cookies\" target=\"_blank\" rel=\"noopener noreferrer\">support.mozilla.org\/fr\/kb\/activer-desactiver-cookies<\/a><\/div>\n<div class=\"wpb_wrapper\">\u2013 Internet Explorer :\u00a0<a href=\"https:\/\/support.microsoft.com\/fr-fr\/help\/17442\/windows-internet-explorer-delete-manage-cookies#ie=ie-11\" target=\"_blank\" rel=\"noopener noreferrer\">support.microsoft.com\/fr-fr\/help\/17442\/windows-internet-explorer-delete-manage-cookies#ie=ie-11<\/a><\/div>\n<div class=\"wpb_wrapper\">\u2013 Opera :\u00a0<a href=\"http:\/\/help.opera.com\/Windows\/10.20\/fr\/cookies.html\" target=\"_blank\" rel=\"noopener noreferrer\">help.opera.com\/Windows\/10.20\/fr\/cookies.html<\/a>\n&#8211; Safari : <a href=\"https:\/\/support.apple.com\/kb\/PH21411?viewlocale=fr_FR&amp;locale=fr_FR\" target=\"_blank\" rel=\"noopener noreferrer\">support.apple.com\/kb\/PH21411?viewlocale=fr_FR&amp;locale=fr_FR<\/a><\/div>\n<div><\/div>\n<div class=\"wpb_wrapper\">Pour de plus amples informations concernant les outils de ma\u00eetrise des cookies, vous pouvez consulter le site internet de la CNIL :\u00a0<a href=\"https:\/\/www.cnil.fr\/fr\/cookies-les-outils-pour-les-maitriser\" target=\"_blank\" rel=\"noopener noreferrer\">www.cnil.fr\/fr\/cookies-les-outils-pour-les-maitriser<\/a>.<\/div>\n<div><\/div>\n<div class=\"wpb_wrapper\">Pour toute interrogation ou demande compl\u00e9mentaire d\u2019informations relative \u00e0 la pr\u00e9sente politique des cookies, merci de bien vouloir nous contacter par le biais de notre formulaire de contact.<\/div>\t\t\t\t\t\t\t\t<\/div>\n\t\t\t\t<\/div>\n\t\t\t\t\t<\/div>\n\t\t<\/div>\n\t\t\t\t\t<\/div>\n\t\t<\/section>\n\t\t\t\t<\/div>\n\t\t","protected":false},"excerpt":{"rendered":"<p>Cookies Politique relative \u00e0 l\u2019utilisation des cookies sur le site www.placeauxjeux.com Politique relative \u00e0 l\u2019utilisation des cookies sur le site www.placeauxjeux.com. Lors de votre premi\u00e8re connexion sur le site, vous \u00eates avertis par un bandeau en bas \u00e0 gauche de votre \u00e9cran que des informations relatives \u00e0 votre navigation sont susceptibles d\u2019\u00eatre enregistr\u00e9es dans des [&hellip;]<\/p>\n","protected":false},"author":4,"featured_media":0,"parent":0,"menu_order":0,"comment_status":"closed","ping_status":"closed","template":"","meta":{"inline_featured_image":false,"footnotes":""},"class_list":["post-5326","page","type-page","status-publish","hentry"],"_links":{"self":[{"href":"https:\/\/www.dev01-clicandit.fr\/dev01\/wp-json\/wp\/v2\/pages\/5326","targetHints":{"allow":["GET"]}}],"collection":[{"href":"https:\/\/www.dev01-clicandit.fr\/dev01\/wp-json\/wp\/v2\/pages"}],"about":[{"href":"https:\/\/www.dev01-clicandit.fr\/dev01\/wp-json\/wp\/v2\/types\/page"}],"author":[{"embeddable":true,"href":"https:\/\/www.dev01-clicandit.fr\/dev01\/wp-json\/wp\/v2\/users\/4"}],"replies":[{"embeddable":true,"href":"https:\/\/www.dev01-clicandit.fr\/dev01\/wp-json\/wp\/v2\/comments?post=5326"}],"version-history":[{"count":0,"href":"https:\/\/www.dev01-clicandit.fr\/dev01\/wp-json\/wp\/v2\/pages\/5326\/revisions"}],"wp:attachment":[{"href":"https:\/\/www.dev01-clicandit.fr\/dev01\/wp-json\/wp\/v2\/media?parent=5326"}],"curies":[{"name":"wp","href":"https:\/\/api.w.org\/{rel}","templated":true}]}}