{"id":5295,"date":"2024-06-18T09:50:29","date_gmt":"2024-06-18T07:50:29","guid":{"rendered":"https:\/\/www.dev01-clicandit.fr\/?page_id=5295"},"modified":"2024-06-18T10:29:09","modified_gmt":"2024-06-18T08:29:09","slug":"mentions-legales","status":"publish","type":"page","link":"https:\/\/www.dev01-clicandit.fr\/dev01\/mentions-legales\/","title":{"rendered":"Mentions l\u00e9gales"},"content":{"rendered":"\t\t<div data-elementor-type=\"wp-page\" data-elementor-id=\"5295\" class=\"elementor elementor-5295\" data-elementor-settings=\"{&quot;ha_cmc_init_switcher&quot;:&quot;no&quot;}\" data-elementor-post-type=\"page\">\n\t\t\t\t\t\t<section class=\"elementor-section elementor-top-section elementor-element elementor-element-5b37788d elementor-section-boxed elementor-section-height-default elementor-section-height-default\" data-id=\"5b37788d\" data-element_type=\"section\" data-e-type=\"section\" data-settings=\"{&quot;background_background&quot;:&quot;classic&quot;,&quot;_ha_eqh_enable&quot;:false}\">\n\t\t\t\t\t\t<div class=\"elementor-container elementor-column-gap-default\">\n\t\t\t\t\t<div class=\"elementor-column elementor-col-100 elementor-top-column elementor-element elementor-element-893de98\" data-id=\"893de98\" data-element_type=\"column\" data-e-type=\"column\">\n\t\t\t<div class=\"elementor-widget-wrap elementor-element-populated\">\n\t\t\t\t\t\t<div class=\"elementor-element elementor-element-44a75f1c elementor-widget elementor-widget-heading\" data-id=\"44a75f1c\" data-element_type=\"widget\" data-e-type=\"widget\" data-widget_type=\"heading.default\">\n\t\t\t\t<div class=\"elementor-widget-container\">\n\t\t\t\t\t<h1 class=\"elementor-heading-title elementor-size-default\">Mentions l\u00e9gales<\/h1>\t\t\t\t<\/div>\n\t\t\t\t<\/div>\n\t\t\t\t\t<\/div>\n\t\t<\/div>\n\t\t\t\t\t<\/div>\n\t\t<\/section>\n\t\t\t\t<section class=\"elementor-section elementor-top-section elementor-element elementor-element-3fe4b89a elementor-section-boxed elementor-section-height-default elementor-section-height-default\" data-id=\"3fe4b89a\" data-element_type=\"section\" data-e-type=\"section\" data-settings=\"{&quot;_ha_eqh_enable&quot;:false}\">\n\t\t\t\t\t\t<div class=\"elementor-container elementor-column-gap-default\">\n\t\t\t\t\t<div class=\"elementor-column elementor-col-100 elementor-top-column elementor-element elementor-element-6f1dceb2\" data-id=\"6f1dceb2\" data-element_type=\"column\" data-e-type=\"column\">\n\t\t\t<div class=\"elementor-widget-wrap elementor-element-populated\">\n\t\t\t\t\t\t<div class=\"elementor-element elementor-element-25f366e4 elementor-widget elementor-widget-heading\" data-id=\"25f366e4\" data-element_type=\"widget\" data-e-type=\"widget\" data-widget_type=\"heading.default\">\n\t\t\t\t<div class=\"elementor-widget-container\">\n\t\t\t\t\t<h2 class=\"elementor-heading-title elementor-size-default\">Mentions l\u00e9gales AUVER'TAG<\/h2>\t\t\t\t<\/div>\n\t\t\t\t<\/div>\n\t\t\t\t<div class=\"elementor-element elementor-element-74b078e6 elementor-widget elementor-widget-heading\" data-id=\"74b078e6\" data-element_type=\"widget\" data-e-type=\"widget\" data-widget_type=\"heading.default\">\n\t\t\t\t<div class=\"elementor-widget-container\">\n\t\t\t\t\t<h3 class=\"elementor-heading-title elementor-size-default\">1.1 \u00c9diteur<\/h3>\t\t\t\t<\/div>\n\t\t\t\t<\/div>\n\t\t\t\t<div class=\"elementor-element elementor-element-316aadac elementor-widget elementor-widget-text-editor\" data-id=\"316aadac\" data-element_type=\"widget\" data-e-type=\"widget\" data-widget_type=\"text-editor.default\">\n\t\t\t\t<div class=\"elementor-widget-container\">\n\t\t\t\t\t\t\t\t\t<p>SARL AUVER&rsquo;TAG<br \/>SARL au capital de 10 000,00 \u20ac<br \/>Si\u00e8ge social :\u00a015 route des girards, 63230 Pulv\u00e9ri\u00e8res, France<br \/>RCS : 900 620 915 Clermont-Ferrand\u00a0<br \/>SIRET : 900 620 915 000 18<br \/>N\u00b0 TVA intracommunautaire : FR 229 006 209 15<br \/>Code APE : 93 29Z\u00a0 (Autres activit\u00e9s r\u00e9cr\u00e9atives et de loisirs)<br \/>Nom commercial : AUVER&rsquo;TAG<br \/>Directeur de la publication : Monsieur Thomas MILLET<\/p>\t\t\t\t\t\t\t\t<\/div>\n\t\t\t\t<\/div>\n\t\t\t\t<div class=\"elementor-element elementor-element-2108b11d elementor-widget elementor-widget-heading\" data-id=\"2108b11d\" data-element_type=\"widget\" data-e-type=\"widget\" data-widget_type=\"heading.default\">\n\t\t\t\t<div class=\"elementor-widget-container\">\n\t\t\t\t\t<h3 class=\"elementor-heading-title elementor-size-default\">1.2 H\u00e9bergement web<\/h3>\t\t\t\t<\/div>\n\t\t\t\t<\/div>\n\t\t\t\t<div class=\"elementor-element elementor-element-786b964e elementor-widget elementor-widget-text-editor\" data-id=\"786b964e\" data-element_type=\"widget\" data-e-type=\"widget\" data-widget_type=\"text-editor.default\">\n\t\t\t\t<div class=\"elementor-widget-container\">\n\t\t\t\t\t\t\t\t\t<p>OVH<\/p><p>SAS au capital de 10 174 560 \u20ac<br \/>RCS Lille M\u00e9tropole 424 761 419 00045<br \/>Code APE 2620Z<br \/>N\u00b0 TVA : FR 22 424 761 419<br \/>Si\u00e8ge social : 2 rue Kellermann \u2013 59100 Roubaix \u2013 France<\/p>\t\t\t\t\t\t\t\t<\/div>\n\t\t\t\t<\/div>\n\t\t\t\t<div class=\"elementor-element elementor-element-750f7a6a elementor-widget elementor-widget-heading\" data-id=\"750f7a6a\" data-element_type=\"widget\" data-e-type=\"widget\" data-widget_type=\"heading.default\">\n\t\t\t\t<div class=\"elementor-widget-container\">\n\t\t\t\t\t<h3 class=\"elementor-heading-title elementor-size-default\">1.3 Propri\u00e9t\u00e9 du site www.placeauxjeux.com<\/h3>\t\t\t\t<\/div>\n\t\t\t\t<\/div>\n\t\t\t\t<div class=\"elementor-element elementor-element-2856d2e0 elementor-widget elementor-widget-text-editor\" data-id=\"2856d2e0\" data-element_type=\"widget\" data-e-type=\"widget\" data-widget_type=\"text-editor.default\">\n\t\t\t\t<div class=\"elementor-widget-container\">\n\t\t\t\t\t\t\t\t\t<p>Ce site rel\u00e8ve des trait\u00e9s internationaux et de la l\u00e9gislation fran\u00e7aise sur les droits d\u2019auteur et la propri\u00e9t\u00e9 intellectuelle et est conforme aux dispositions de la loi n\u00b0 2004-575 du 21 juin 2004 pour la Confiance dans l\u2019Economie Num\u00e9rique. La reproduction de tout ou partie de ce site est formellement interdite sauf autorisation expresse de la SARL AUVER&rsquo;TAG.<\/p>\t\t\t\t\t\t\t\t<\/div>\n\t\t\t\t<\/div>\n\t\t\t\t<div class=\"elementor-element elementor-element-65915dee elementor-widget elementor-widget-heading\" data-id=\"65915dee\" data-element_type=\"widget\" data-e-type=\"widget\" data-widget_type=\"heading.default\">\n\t\t\t\t<div class=\"elementor-widget-container\">\n\t\t\t\t\t<h2 class=\"elementor-heading-title elementor-size-default\">II. Conditions g\u00e9n\u00e9rales d'utilisation<\/h2>\t\t\t\t<\/div>\n\t\t\t\t<\/div>\n\t\t\t\t<div class=\"elementor-element elementor-element-7e315892 elementor-widget elementor-widget-text-editor\" data-id=\"7e315892\" data-element_type=\"widget\" data-e-type=\"widget\" data-widget_type=\"text-editor.default\">\n\t\t\t\t<div class=\"elementor-widget-container\">\n\t\t\t\t\t\t\t\t\t<p>La soci\u00e9t\u00e9 AUVER&rsquo;TAG (ci-apr\u00e8s \u00ab l\u2019\u00e9diteur \u00bb) \u00e9dite un site vitrine www.placeauxjeux.com (ci-apr\u00e8s, le \u00ab site \u00bb). Les pr\u00e9sentes conditions g\u00e9n\u00e9rales d\u2019utilisation (ci-apr\u00e8s \u00abCGU\u00bb), soumises au droit fran\u00e7ais, ont vocation \u00e0 r\u00e9gir l\u2019utilisation du site. Le simple acc\u00e8s au site de l\u2019\u00e9diteur, \u00e0 l\u2019adresse URL suivante www.placeauxjeux.com, emporte de plein droit acceptation expresse et sans r\u00e9serve des CGU par l\u2019utilisateur du site.<\/p>\t\t\t\t\t\t\t\t<\/div>\n\t\t\t\t<\/div>\n\t\t\t\t<div class=\"elementor-element elementor-element-4e3cd0b4 elementor-widget elementor-widget-heading\" data-id=\"4e3cd0b4\" data-element_type=\"widget\" data-e-type=\"widget\" data-widget_type=\"heading.default\">\n\t\t\t\t<div class=\"elementor-widget-container\">\n\t\t\t\t\t<h3 class=\"elementor-heading-title elementor-size-default\">1. Propri\u00e9t\u00e9 intellectuelle<\/h3>\t\t\t\t<\/div>\n\t\t\t\t<\/div>\n\t\t\t\t<div class=\"elementor-element elementor-element-47456ba4 elementor-widget elementor-widget-heading\" data-id=\"47456ba4\" data-element_type=\"widget\" data-e-type=\"widget\" data-widget_type=\"heading.default\">\n\t\t\t\t<div class=\"elementor-widget-container\">\n\t\t\t\t\t<h4 class=\"elementor-heading-title elementor-size-default\">1.1 Propri\u00e9t\u00e9 litt\u00e9raire et artistique<\/h4>\t\t\t\t<\/div>\n\t\t\t\t<\/div>\n\t\t\t\t<div class=\"elementor-element elementor-element-51788f41 elementor-widget elementor-widget-text-editor\" data-id=\"51788f41\" data-element_type=\"widget\" data-e-type=\"widget\" data-widget_type=\"text-editor.default\">\n\t\t\t\t<div class=\"elementor-widget-container\">\n\t\t\t\t\t\t\t\t\t<p>La soci\u00e9t\u00e9 AUVER&rsquo;TAG, est titulaire de tous les droits de propri\u00e9t\u00e9 intellectuelle relatifs au site.<br \/>L\u2019acc\u00e8s au site ne conf\u00e8re \u00e0 l\u2019utilisateur aucun droit sur les droits de propri\u00e9t\u00e9 intellectuelle relatifs au site, qui restent la propri\u00e9t\u00e9 exclusive de AUVER&rsquo;TAG. Sont notamment prot\u00e9g\u00e9s par les lois fran\u00e7aises et internationales relatives \u00e0 la propri\u00e9t\u00e9 intellectuelle :<br \/>\u2013 La charge graphique (logo, jeux de police, code couleurs, contenu r\u00e9dactionnel, choix et positionnement des illustrations) ;<br \/>\u2013 L\u2019aspect navigation (ensemble des fonctionnalit\u00e9s permettant \u00e0 l\u2019utilisateur de parcourir le site) ;<br \/>\u2013 L\u2019aspect d\u2019ensemble du site.<\/p><p>Conform\u00e9ment \u00e0 l\u2019article L122-4 du Code de la propri\u00e9t\u00e9 intellectuelle, l\u2019exploitation non pr\u00e9alablement autoris\u00e9e par AUVER&rsquo;TAG, \u00e0 quelque titre que ce soit, de tout ou partie du site pourra faire l\u2019objet de toute action appropri\u00e9e, notamment d\u2019une action en contrefa\u00e7on.<\/p>\t\t\t\t\t\t\t\t<\/div>\n\t\t\t\t<\/div>\n\t\t\t\t<div class=\"elementor-element elementor-element-1487ab5a elementor-widget elementor-widget-heading\" data-id=\"1487ab5a\" data-element_type=\"widget\" data-e-type=\"widget\" data-widget_type=\"heading.default\">\n\t\t\t\t<div class=\"elementor-widget-container\">\n\t\t\t\t\t<h4 class=\"elementor-heading-title elementor-size-default\">2. Liens hypertextes\u200b<\/h4>\t\t\t\t<\/div>\n\t\t\t\t<\/div>\n\t\t\t\t<div class=\"elementor-element elementor-element-448c4980 elementor-widget elementor-widget-text-editor\" data-id=\"448c4980\" data-element_type=\"widget\" data-e-type=\"widget\" data-widget_type=\"text-editor.default\">\n\t\t\t\t<div class=\"elementor-widget-container\">\n\t\t\t\t\t\t\t\t\t<p>Le site peut contenir des liens hypertextes vers d\u2019autres sites pr\u00e9sents sur le r\u00e9seau Internet. Les liens vers ces autres ressources vous font quitter le site. L\u2019\u00e9diteur d\u00e9cline toute responsabilit\u00e9 relative au contenu de ces sites tiers et ne saurait \u00eatre tenu responsable de l\u2019usage qui pourra en \u00eatre fait par les utilisateurs.<br \/>Il est possible de cr\u00e9er un lien vers la page de pr\u00e9sentation du site sans autorisation expresse de l\u2019\u00e9diteur. Aucune autorisation ou demande d\u2019information pr\u00e9alable ne peut \u00eatre exig\u00e9e par l\u2019\u00e9diteur \u00e0 l\u2019\u00e9gard d\u2019un site tiers qui souhaite \u00e9tablir un lien vers le site de l\u2019\u00e9diteur. Il convient toutefois d\u2019afficher ce site dans une nouvelle fen\u00eatre du navigateur. Cependant, l\u2019\u00e9diteur se r\u00e9serve le droit de demander la suppression d\u2019un lien qu\u2019il estime non conforme \u00e0 l\u2019objet du site ou si ledit lien proc\u00e8de d\u2019une d\u00e9marche d\u00e9lib\u00e9r\u00e9e et malicieuse, entreprise en toute connaissance de cause par l\u2019exploitant du site d\u2019origine.<br \/>Enfin, toute cr\u00e9ation d\u2019un lien hypertexte qualifi\u00e9 de \u00ab profond \u00bb ou le recours au \u00ab framing \u00bb ou au \u00ab inline linking \u00bb, entre autres, requiert l\u2019autorisation pr\u00e9alable expresse de l\u2019\u00e9diteur.<\/p>\t\t\t\t\t\t\t\t<\/div>\n\t\t\t\t<\/div>\n\t\t\t\t<div class=\"elementor-element elementor-element-6be45557 elementor-widget elementor-widget-heading\" data-id=\"6be45557\" data-element_type=\"widget\" data-e-type=\"widget\" data-widget_type=\"heading.default\">\n\t\t\t\t<div class=\"elementor-widget-container\">\n\t\t\t\t\t<h4 class=\"elementor-heading-title elementor-size-default\">3. Responsabilit\u00e9 de l'\u00e9diteur<\/h4>\t\t\t\t<\/div>\n\t\t\t\t<\/div>\n\t\t\t\t<div class=\"elementor-element elementor-element-4e7aea20 elementor-widget elementor-widget-text-editor\" data-id=\"4e7aea20\" data-element_type=\"widget\" data-e-type=\"widget\" data-widget_type=\"text-editor.default\">\n\t\t\t\t<div class=\"elementor-widget-container\">\n\t\t\t\t\t\t\t\t\t<p>Les informations et\/ou documents figurant sur ce site sont susceptibles de contenir des inexactitudes techniques et des erreurs typographiques. L\u2019\u00e9diteur se r\u00e9serve le droit de les corriger, d\u00e8s que ces erreurs sont port\u00e9es \u00e0 sa connaissance. L\u2019\u00e9diteur ne pourra en aucun cas \u00eatre tenu responsable de tout dommage de quelque nature qu\u2019il soit r\u00e9sultant de l\u2019interpr\u00e9tation ou de l\u2019utilisation des informations et\/ou documents disponibles sur ce site.<\/p>\t\t\t\t\t\t\t\t<\/div>\n\t\t\t\t<\/div>\n\t\t\t\t<div class=\"elementor-element elementor-element-50a1802e elementor-widget elementor-widget-heading\" data-id=\"50a1802e\" data-element_type=\"widget\" data-e-type=\"widget\" data-widget_type=\"heading.default\">\n\t\t\t\t<div class=\"elementor-widget-container\">\n\t\t\t\t\t<h4 class=\"elementor-heading-title elementor-size-default\">4. Acc\u00e8s au site\u200b<\/h4>\t\t\t\t<\/div>\n\t\t\t\t<\/div>\n\t\t\t\t<div class=\"elementor-element elementor-element-473b28ed elementor-widget elementor-widget-text-editor\" data-id=\"473b28ed\" data-element_type=\"widget\" data-e-type=\"widget\" data-widget_type=\"text-editor.default\">\n\t\t\t\t<div class=\"elementor-widget-container\">\n\t\t\t\t\t\t\t\t\t<p>L\u2019\u00e9diteur s\u2019engage \u00e0 fournir les meilleurs efforts pour rendre et maintenir accessibles tous les services disponibles sur le site.<br \/>A cet \u00e9gard, l\u2019\u00e9diteur n\u2019est tenu qu\u2019\u00e0 une obligation de moyens \u00e0 l\u2019\u00e9gard de l\u2019utilisateur, notre responsabilit\u00e9 ne saura en aucun cas \u00eatre recherch\u00e9e dans les cas suivants :<br \/>\u2013 interruptions momentan\u00e9es d\u2019une dur\u00e9e de quelques minutes pour la mise \u00e0 jour de certains fichiers.<br \/>\u2013 difficult\u00e9s de fonctionnement ou interruption momentan\u00e9e de ces services ind\u00e9pendamment de notre volont\u00e9, notamment en cas d\u2019interruption des services d\u2019\u00e9lectricit\u00e9 ou de t\u00e9l\u00e9communication.<br \/>\u2013 interruptions momentan\u00e9es des services n\u00e9cessaires \u00e0 leurs \u00e9volutions ou maintenance.<br \/>\u2013 d\u00e9faillance ou dysfonctionnements du r\u00e9seau Internet dans la transmission de messages ou document.<\/p>\t\t\t\t\t\t\t\t<\/div>\n\t\t\t\t<\/div>\n\t\t\t\t<div class=\"elementor-element elementor-element-4812c32e elementor-widget elementor-widget-heading\" data-id=\"4812c32e\" data-element_type=\"widget\" data-e-type=\"widget\" data-widget_type=\"heading.default\">\n\t\t\t\t<div class=\"elementor-widget-container\">\n\t\t\t\t\t<h4 class=\"elementor-heading-title elementor-size-default\">5. Modification des CGU<\/h4>\t\t\t\t<\/div>\n\t\t\t\t<\/div>\n\t\t\t\t<div class=\"elementor-element elementor-element-2ce68ce elementor-widget elementor-widget-text-editor\" data-id=\"2ce68ce\" data-element_type=\"widget\" data-e-type=\"widget\" data-widget_type=\"text-editor.default\">\n\t\t\t\t<div class=\"elementor-widget-container\">\n\t\t\t\t\t\t\t\t\t<p>Les CGU du site, ici d\u00e9finies, ont \u00e9t\u00e9 mises en ligne le 26 mai 2023. L\u2019\u00e9diteur se r\u00e9serve le droit de les modifier \u00e0 tout moment et sans pr\u00e9avis.<\/p>\t\t\t\t\t\t\t\t<\/div>\n\t\t\t\t<\/div>\n\t\t\t\t\t<\/div>\n\t\t<\/div>\n\t\t\t\t\t<\/div>\n\t\t<\/section>\n\t\t\t\t<\/div>\n\t\t","protected":false},"excerpt":{"rendered":"<p>Mentions l\u00e9gales Mentions l\u00e9gales AUVER&rsquo;TAG 1.1 \u00c9diteur SARL AUVER&rsquo;TAGSARL au capital de 10 000,00 \u20acSi\u00e8ge social :\u00a015 route des girards, 63230 Pulv\u00e9ri\u00e8res, FranceRCS : 900 620 915 Clermont-Ferrand\u00a0SIRET : 900 620 915 000 18N\u00b0 TVA intracommunautaire : FR 229 006 209 15Code APE : 93 29Z\u00a0 (Autres activit\u00e9s r\u00e9cr\u00e9atives et de loisirs)Nom commercial : AUVER&rsquo;TAGDirecteur [&hellip;]<\/p>\n","protected":false},"author":4,"featured_media":0,"parent":0,"menu_order":0,"comment_status":"closed","ping_status":"closed","template":"","meta":{"inline_featured_image":false,"footnotes":""},"class_list":["post-5295","page","type-page","status-publish","hentry"],"_links":{"self":[{"href":"https:\/\/www.dev01-clicandit.fr\/dev01\/wp-json\/wp\/v2\/pages\/5295","targetHints":{"allow":["GET"]}}],"collection":[{"href":"https:\/\/www.dev01-clicandit.fr\/dev01\/wp-json\/wp\/v2\/pages"}],"about":[{"href":"https:\/\/www.dev01-clicandit.fr\/dev01\/wp-json\/wp\/v2\/types\/page"}],"author":[{"embeddable":true,"href":"https:\/\/www.dev01-clicandit.fr\/dev01\/wp-json\/wp\/v2\/users\/4"}],"replies":[{"embeddable":true,"href":"https:\/\/www.dev01-clicandit.fr\/dev01\/wp-json\/wp\/v2\/comments?post=5295"}],"version-history":[{"count":0,"href":"https:\/\/www.dev01-clicandit.fr\/dev01\/wp-json\/wp\/v2\/pages\/5295\/revisions"}],"wp:attachment":[{"href":"https:\/\/www.dev01-clicandit.fr\/dev01\/wp-json\/wp\/v2\/media?parent=5295"}],"curies":[{"name":"wp","href":"https:\/\/api.w.org\/{rel}","templated":true}]}}